{"id":14009,"date":"2024-06-25T11:53:01","date_gmt":"2024-06-25T11:53:01","guid":{"rendered":"https:\/\/www.enovates.com\/?page_id=14009"},"modified":"2025-01-20T13:00:15","modified_gmt":"2025-01-20T13:00:15","slug":"integrations","status":"publish","type":"page","link":"https:\/\/www.enovates.com\/fr\/integrations\/","title":{"rendered":"Int\u00e9grations"},"content":{"rendered":"\t\t<div data-elementor-type=\"wp-post\" data-elementor-id=\"14009\" class=\"elementor elementor-14009 elementor-14005\" data-elementor-post-type=\"page\">\n\t\t\t\t\t\t<section class=\"elementor-section elementor-top-section elementor-element elementor-element-5cc83d7 elementor-section-boxed elementor-section-height-default elementor-section-height-default\" data-id=\"5cc83d7\" data-element_type=\"section\" data-e-type=\"section\" data-settings=\"{&quot;jet_parallax_layout_list&quot;:[],&quot;background_background&quot;:&quot;classic&quot;}\">\n\t\t\t\t\t\t<div class=\"elementor-container elementor-column-gap-default\">\n\t\t\t\t\t<div class=\"elementor-column elementor-col-50 elementor-top-column elementor-element elementor-element-5eb3d83\" data-id=\"5eb3d83\" data-element_type=\"column\" data-e-type=\"column\" data-settings=\"{&quot;background_background&quot;:&quot;classic&quot;}\">\n\t\t\t<div class=\"elementor-widget-wrap elementor-element-populated\">\n\t\t\t\t\t\t<div class=\"elementor-element elementor-element-920f900 elementor-widget elementor-widget-image\" data-id=\"920f900\" data-element_type=\"widget\" data-e-type=\"widget\" data-widget_type=\"image.default\">\n\t\t\t\t<div class=\"elementor-widget-container\">\n\t\t\t\t\t\t\t\t\t\t\t\t\t\t\t<img decoding=\"async\" data-src=\"https:\/\/www.enovates.com\/wp-content\/uploads\/elementor\/thumbs\/Interparking-29-rg8stidx41buq35su8diw7smjw05a8gwobux9n8mxc.jpeg\" title=\"Interparking (29)\" alt=\"Interparking (29)\" src=\"data:image\/svg+xml;base64,PHN2ZyB3aWR0aD0iMSIgaGVpZ2h0PSIxIiB4bWxucz0iaHR0cDovL3d3dy53My5vcmcvMjAwMC9zdmciPjwvc3ZnPg==\" class=\"lazyload\" style=\"--smush-placeholder-width: 1000px; --smush-placeholder-aspect-ratio: 1000\/1000;\" \/>\t\t\t\t\t\t\t\t\t\t\t\t\t\t\t<\/div>\n\t\t\t\t<\/div>\n\t\t\t\t<div class=\"elementor-element elementor-element-415508f elementor-widget elementor-widget-text-editor\" data-id=\"415508f\" data-element_type=\"widget\" data-e-type=\"widget\" data-widget_type=\"text-editor.default\">\n\t\t\t\t<div class=\"elementor-widget-container\">\n\t\t\t\t\t\t\t\t\t<p>Source: Phoenix Contact<\/p>\n\t\t\t\t\t\t\t\t<\/div>\n\t\t\t\t<\/div>\n\t\t\t\t\t<\/div>\n\t\t<\/div>\n\t\t\t\t<div class=\"elementor-column elementor-col-50 elementor-top-column elementor-element elementor-element-341fad6\" data-id=\"341fad6\" data-element_type=\"column\" data-e-type=\"column\">\n\t\t\t<div class=\"elementor-widget-wrap elementor-element-populated\">\n\t\t\t\t\t\t<div class=\"elementor-element elementor-element-848f2a5 elementor-align-left elementor-widget elementor-widget-raven-heading\" data-id=\"848f2a5\" data-element_type=\"widget\" data-e-type=\"widget\" data-widget_type=\"raven-heading.default\">\n\t\t\t\t<div class=\"elementor-widget-container\">\n\t\t\t\t\t\t\t<div class=\"raven-widget-wrapper\"><h2 class=\"raven-heading raven-heading-h2\"><span class=\"raven-heading-title \"><b>Interfaces ouvertes<\/b> pour une int\u00e9gration transparente<\/span><\/h2><\/div>\n\t\t\t\t\t\t<\/div>\n\t\t\t\t<\/div>\n\t\t\t\t<div class=\"elementor-element elementor-element-97995a4 elementor-widget-divider--view-line elementor-widget elementor-widget-divider\" data-id=\"97995a4\" data-element_type=\"widget\" data-e-type=\"widget\" data-widget_type=\"divider.default\">\n\t\t\t\t<div class=\"elementor-widget-container\">\n\t\t\t\t\t\t\t<div class=\"elementor-divider\">\n\t\t\t<span class=\"elementor-divider-separator\">\n\t\t\t\t\t\t<\/span>\n\t\t<\/div>\n\t\t\t\t\t\t<\/div>\n\t\t\t\t<\/div>\n\t\t\t\t<div class=\"elementor-element elementor-element-9b44b31 elementor-widget elementor-widget-text-editor\" data-id=\"9b44b31\" data-element_type=\"widget\" data-e-type=\"widget\" data-widget_type=\"text-editor.default\">\n\t\t\t\t<div class=\"elementor-widget-container\">\n\t\t\t\t\t\t\t\t\t<p>Dans le monde interconnect\u00e9 d&#8217;aujourd&#8217;hui, la capacit\u00e9 d&#8217;int\u00e9gration avec divers <a href=\"https:\/\/www.enovates.com\/fr\/systemes-de-gestion-des-bornes-de-recharge\/\">syst\u00e8mes de gestion de bornes de recharge<\/a> (CSMS ou syst\u00e8mes backend) et <a href=\"https:\/\/www.enovates.com\/fr\/systemes-de-gestion-denergie\/\">syst\u00e8mes de gestion de l&#8217;\u00e9nergie<\/a> (EMS) est cruciale.<\/p>\n<p>Les bornes de recharge Enovates sont con\u00e7us dans un souci d&#8217;adaptabilit\u00e9, avec des conceptions modulaires qui r\u00e9pondent \u00e0 diverses exigences d&#8217;alimentation et environnements d&#8217;installation. Ils prennent en charge plusieurs normes de recharge et types de v\u00e9hicules, garantissant ainsi que tous les utilisateurs de v\u00e9hicules \u00e9lectriques peuvent recharger facilement. <\/p>\n<p>Cette flexibilit\u00e9 rend les chargeurs Enovates id\u00e9aux pour des environnements allant des garages priv\u00e9s et complexes d&#8217;appartements aux parkings publics et espaces commerciaux.<\/p>\n<p>Nos chargeurs s&#8217;int\u00e8grent \u00e9galement aux syst\u00e8mes EMS les plus avanc\u00e9s du march\u00e9, permettant une distribution d&#8217;\u00e9nergie et un \u00e9quilibrage de charge intelligents.Dans le monde interconnect\u00e9 d\u2019aujourd\u2019hui, la capacit\u00e9 d\u2019int\u00e9gration \u00e0 divers <a href=\"https:\/\/www.enovates.com\/fr\/systemes-de-gestion-des-bornes-de-recharge\/\">syst\u00e8mes CSMS<\/a> et <a href=\"https:\/\/www.enovates.com\/fr\/systemes-de-gestion-denergie\/\">EMS<\/a> est cruciale.<\/p>\n\t\t\t\t\t\t\t\t<\/div>\n\t\t\t\t<\/div>\n\t\t\t\t\t<\/div>\n\t\t<\/div>\n\t\t\t\t\t<\/div>\n\t\t<\/section>\n\t\t\t\t<section class=\"elementor-section elementor-top-section elementor-element elementor-element-94e8177 elementor-section-boxed elementor-section-height-default elementor-section-height-default\" data-id=\"94e8177\" data-element_type=\"section\" data-e-type=\"section\" data-settings=\"{&quot;jet_parallax_layout_list&quot;:[]}\">\n\t\t\t\t\t\t<div class=\"elementor-container elementor-column-gap-wide\">\n\t\t\t\t\t<div class=\"elementor-column elementor-col-50 elementor-top-column elementor-element elementor-element-37bb3f9 raven-column-flex-vertical\" data-id=\"37bb3f9\" data-element_type=\"column\" data-e-type=\"column\">\n\t\t\t<div class=\"elementor-widget-wrap elementor-element-populated\">\n\t\t\t\t\t\t<div class=\"elementor-element elementor-element-61f4002 elementor-widget elementor-widget-menu-anchor\" data-id=\"61f4002\" data-element_type=\"widget\" data-e-type=\"widget\" data-widget_type=\"menu-anchor.default\">\n\t\t\t\t<div class=\"elementor-widget-container\">\n\t\t\t\t\t\t\t<div class=\"elementor-menu-anchor\" id=\"Rechargeintelligente\"><\/div>\n\t\t\t\t\t\t<\/div>\n\t\t\t\t<\/div>\n\t\t\t\t<div class=\"elementor-element elementor-element-0476038 elementor-align-left elementor-widget elementor-widget-raven-heading\" data-id=\"0476038\" data-element_type=\"widget\" data-e-type=\"widget\" data-widget_type=\"raven-heading.default\">\n\t\t\t\t<div class=\"elementor-widget-container\">\n\t\t\t\t\t\t\t<div class=\"raven-widget-wrapper\"><h2 class=\"raven-heading raven-heading-h2\"><span class=\"raven-heading-title \">Int\u00e9gration avec les syst\u00e8mes CSMS<\/span><\/h2><\/div>\n\t\t\t\t\t\t<\/div>\n\t\t\t\t<\/div>\n\t\t\t\t<div class=\"elementor-element elementor-element-65f35c5 elementor-widget-divider--view-line elementor-widget elementor-widget-divider\" data-id=\"65f35c5\" data-element_type=\"widget\" data-e-type=\"widget\" data-widget_type=\"divider.default\">\n\t\t\t\t<div class=\"elementor-widget-container\">\n\t\t\t\t\t\t\t<div class=\"elementor-divider\">\n\t\t\t<span class=\"elementor-divider-separator\">\n\t\t\t\t\t\t<\/span>\n\t\t<\/div>\n\t\t\t\t\t\t<\/div>\n\t\t\t\t<\/div>\n\t\t\t\t<div class=\"elementor-element elementor-element-d67c272 elementor-widget elementor-widget-text-editor\" data-id=\"d67c272\" data-element_type=\"widget\" data-e-type=\"widget\" data-widget_type=\"text-editor.default\">\n\t\t\t\t<div class=\"elementor-widget-container\">\n\t\t\t\t\t\t\t\t\t<p>Les chargeurs Enovates fonctionnent harmonieusement avec une gamme de <a href=\"https:\/\/www.enovates.com\/fr\/systemes-de-gestion-des-bornes-de-recharge\/\">solutions back-end<\/a>, permettant une surveillance, un reporting et une gestion complets des activit\u00e9s de charge. <\/p>\n<p>Cette int\u00e9gration facilite une meilleure surveillance op\u00e9rationnelle et une prise de d\u00e9cision bas\u00e9e sur les donn\u00e9es, aidant ainsi les entreprises \u00e0 optimiser leur consommation d&#8217;\u00e9nergie et \u00e0 r\u00e9duire leurs co\u00fbts.<\/p>\n\t\t\t\t\t\t\t\t<\/div>\n\t\t\t\t<\/div>\n\t\t\t\t\t<\/div>\n\t\t<\/div>\n\t\t\t\t<div class=\"elementor-column elementor-col-50 elementor-top-column elementor-element elementor-element-be72163\" data-id=\"be72163\" data-element_type=\"column\" data-e-type=\"column\">\n\t\t\t<div class=\"elementor-widget-wrap elementor-element-populated\">\n\t\t\t\t\t\t<div class=\"elementor-element elementor-element-42ffd4e elementor-widget elementor-widget-image\" data-id=\"42ffd4e\" data-element_type=\"widget\" data-e-type=\"widget\" data-widget_type=\"image.default\">\n\t\t\t\t<div class=\"elementor-widget-container\">\n\t\t\t\t\t\t\t\t\t\t\t\t\t\t\t<img fetchpriority=\"high\" decoding=\"async\" width=\"2560\" height=\"2191\" src=\"https:\/\/www.enovates.com\/wp-content\/uploads\/2024\/07\/infographic-CSMS-systems-enovates-v2-1.jpg\" class=\"attachment-full size-full wp-image-14667\" alt=\"\" srcset=\"https:\/\/www.enovates.com\/wp-content\/uploads\/2024\/07\/infographic-CSMS-systems-enovates-v2-1.jpg 2560w, https:\/\/www.enovates.com\/wp-content\/uploads\/2024\/07\/infographic-CSMS-systems-enovates-v2-1-300x257.jpg 300w, https:\/\/www.enovates.com\/wp-content\/uploads\/2024\/07\/infographic-CSMS-systems-enovates-v2-1-1024x876.jpg 1024w, https:\/\/www.enovates.com\/wp-content\/uploads\/2024\/07\/infographic-CSMS-systems-enovates-v2-1-768x657.jpg 768w, https:\/\/www.enovates.com\/wp-content\/uploads\/2024\/07\/infographic-CSMS-systems-enovates-v2-1-1536x1315.jpg 1536w, https:\/\/www.enovates.com\/wp-content\/uploads\/2024\/07\/infographic-CSMS-systems-enovates-v2-1-2048x1753.jpg 2048w\" sizes=\"(max-width: 2560px) 100vw, 2560px\" \/>\t\t\t\t\t\t\t\t\t\t\t\t\t\t\t<\/div>\n\t\t\t\t<\/div>\n\t\t\t\t\t<\/div>\n\t\t<\/div>\n\t\t\t\t\t<\/div>\n\t\t<\/section>\n\t\t\t\t<section class=\"elementor-section elementor-top-section elementor-element elementor-element-142eaa5 elementor-reverse-tablet elementor-reverse-mobile elementor-section-boxed elementor-section-height-default elementor-section-height-default\" data-id=\"142eaa5\" data-element_type=\"section\" data-e-type=\"section\" data-settings=\"{&quot;jet_parallax_layout_list&quot;:[]}\">\n\t\t\t\t\t\t<div class=\"elementor-container elementor-column-gap-wide\">\n\t\t\t\t\t<div class=\"elementor-column elementor-col-50 elementor-top-column elementor-element elementor-element-8ae0ead\" data-id=\"8ae0ead\" data-element_type=\"column\" data-e-type=\"column\">\n\t\t\t<div class=\"elementor-widget-wrap elementor-element-populated\">\n\t\t\t\t\t\t<div class=\"elementor-element elementor-element-f9029e0 elementor-widget elementor-widget-image\" data-id=\"f9029e0\" data-element_type=\"widget\" data-e-type=\"widget\" data-widget_type=\"image.default\">\n\t\t\t\t<div class=\"elementor-widget-container\">\n\t\t\t\t\t\t\t\t\t\t\t\t\t\t\t<img decoding=\"async\" width=\"1024\" height=\"876\" data-src=\"https:\/\/www.enovates.com\/wp-content\/uploads\/2024\/07\/infographic-EMS-systems-enovates-v2-1024x876.jpg\" class=\"attachment-large size-large wp-image-14657 lazyload\" alt=\"\" data-srcset=\"https:\/\/www.enovates.com\/wp-content\/uploads\/2024\/07\/infographic-EMS-systems-enovates-v2-1024x876.jpg 1024w, https:\/\/www.enovates.com\/wp-content\/uploads\/2024\/07\/infographic-EMS-systems-enovates-v2-300x257.jpg 300w, https:\/\/www.enovates.com\/wp-content\/uploads\/2024\/07\/infographic-EMS-systems-enovates-v2-768x657.jpg 768w, https:\/\/www.enovates.com\/wp-content\/uploads\/2024\/07\/infographic-EMS-systems-enovates-v2-1536x1315.jpg 1536w, https:\/\/www.enovates.com\/wp-content\/uploads\/2024\/07\/infographic-EMS-systems-enovates-v2-2048x1753.jpg 2048w\" data-sizes=\"(max-width: 1024px) 100vw, 1024px\" src=\"data:image\/svg+xml;base64,PHN2ZyB3aWR0aD0iMSIgaGVpZ2h0PSIxIiB4bWxucz0iaHR0cDovL3d3dy53My5vcmcvMjAwMC9zdmciPjwvc3ZnPg==\" style=\"--smush-placeholder-width: 1024px; --smush-placeholder-aspect-ratio: 1024\/876;\" \/>\t\t\t\t\t\t\t\t\t\t\t\t\t\t\t<\/div>\n\t\t\t\t<\/div>\n\t\t\t\t\t<\/div>\n\t\t<\/div>\n\t\t\t\t<div class=\"elementor-column elementor-col-50 elementor-top-column elementor-element elementor-element-eb57d62\" data-id=\"eb57d62\" data-element_type=\"column\" data-e-type=\"column\">\n\t\t\t<div class=\"elementor-widget-wrap elementor-element-populated\">\n\t\t\t\t\t\t<div class=\"elementor-element elementor-element-9626380 elementor-align-left elementor-widget elementor-widget-raven-heading\" data-id=\"9626380\" data-element_type=\"widget\" data-e-type=\"widget\" data-widget_type=\"raven-heading.default\">\n\t\t\t\t<div class=\"elementor-widget-container\">\n\t\t\t\t\t\t\t<div class=\"raven-widget-wrapper\"><h2 class=\"raven-heading raven-heading-h2\"><span class=\"raven-heading-title \">Int\u00e9gration avec les syst\u00e8mes EMS<\/span><\/h2><\/div>\n\t\t\t\t\t\t<\/div>\n\t\t\t\t<\/div>\n\t\t\t\t<div class=\"elementor-element elementor-element-754bd01 elementor-widget-divider--view-line elementor-widget elementor-widget-divider\" data-id=\"754bd01\" data-element_type=\"widget\" data-e-type=\"widget\" data-widget_type=\"divider.default\">\n\t\t\t\t<div class=\"elementor-widget-container\">\n\t\t\t\t\t\t\t<div class=\"elementor-divider\">\n\t\t\t<span class=\"elementor-divider-separator\">\n\t\t\t\t\t\t<\/span>\n\t\t<\/div>\n\t\t\t\t\t\t<\/div>\n\t\t\t\t<\/div>\n\t\t\t\t<div class=\"elementor-element elementor-element-ae6b069 elementor-widget elementor-widget-text-editor\" data-id=\"ae6b069\" data-element_type=\"widget\" data-e-type=\"widget\" data-widget_type=\"text-editor.default\">\n\t\t\t\t<div class=\"elementor-widget-container\">\n\t\t\t\t\t\t\t\t\t<p>Our chargers also integrate with the most advanced <a href=\"https:\/\/www.enovates.com\/fr\/systemes-de-gestion-denergie\/\">EMS systems<\/a> in the market, allowing for intelligent energy distribution and load balancing.&nbsp;<\/p>\n<p>This ensures efficient energy use, reduces strain on the grid and enhances the sustainability of your operations.&nbsp;<\/p>\n<p>En connectant nos chargeurs \u00e0 un syst\u00e8me EMS, les utilisateurs peuvent b\u00e9n\u00e9ficier de fonctionnalit\u00e9s telles que l&#8217;\u00e9cr\u00eatage des pointes, la r\u00e9ponse \u00e0 la demande et l&#8217;int\u00e9gration du stockage d&#8217;\u00e9nergie, ce qui rend nos solutions non seulement polyvalentes et pr\u00eates pour l&#8217;avenir.<\/p>\t\t\t\t\t\t\t\t<\/div>\n\t\t\t\t<\/div>\n\t\t\t\t\t<\/div>\n\t\t<\/div>\n\t\t\t\t\t<\/div>\n\t\t<\/section>\n\t\t\t\t<\/div>\n\t\t","protected":false},"excerpt":{"rendered":"<p>Source: Phoenix Contact Interfaces ouvertes pour une int\u00e9gration transparente Dans le monde interconnect\u00e9 d&#8217;aujourd&#8217;hui, la capacit\u00e9 d&#8217;int\u00e9gration avec divers syst\u00e8mes de gestion de bornes de recharge (CSMS ou syst\u00e8mes backend) et syst\u00e8mes de gestion de l&#8217;\u00e9nergie (EMS) est cruciale. Les bornes de recharge Enovates sont con\u00e7us dans un souci d&#8217;adaptabilit\u00e9, avec des conceptions modulaires qui [&hellip;]<\/p>\n","protected":false},"author":7,"featured_media":0,"parent":0,"menu_order":88,"comment_status":"closed","ping_status":"closed","template":"elementor_header_footer","meta":{"_acf_changed":false,"footnotes":""},"class_list":["post-14009","page","type-page","status-publish","hentry"],"acf":[],"yoast_head":"<!-- This site is optimized with the Yoast SEO plugin v27.5 - https:\/\/yoast.com\/product\/yoast-seo-wordpress\/ -->\n<title>Int\u00e9grations de recharge Enovates : simplifiez la recharge de vos v\u00e9hicules \u00e9lectriques<\/title>\n<meta name=\"description\" content=\"Connectez facilement les solutions de recharge Enovates aux meilleures plateformes. Simplifiez la recharge des v\u00e9hicules \u00e9lectriques, \u00e9conomisez de l\u2019\u00e9nergie et profitez d\u2019une exp\u00e9rience de recharge plus intelligente. D\u00e9couvrez nos int\u00e9grations faciles \u00e0 utiliser d\u00e8s aujourd&#039;hui !\" \/>\n<meta name=\"robots\" content=\"index, follow, max-snippet:-1, max-image-preview:large, max-video-preview:-1\" \/>\n<link rel=\"canonical\" href=\"https:\/\/www.enovates.com\/fr\/integrations\/\" \/>\n<meta property=\"og:locale\" content=\"fr_FR\" \/>\n<meta property=\"og:type\" content=\"article\" \/>\n<meta property=\"og:title\" content=\"Int\u00e9grations de recharge Enovates : simplifiez la recharge de vos v\u00e9hicules \u00e9lectriques\" \/>\n<meta property=\"og:description\" content=\"Connectez facilement les solutions de recharge Enovates aux meilleures plateformes. Simplifiez la recharge des v\u00e9hicules \u00e9lectriques, \u00e9conomisez de l\u2019\u00e9nergie et profitez d\u2019une exp\u00e9rience de recharge plus intelligente. D\u00e9couvrez nos int\u00e9grations faciles \u00e0 utiliser d\u00e8s aujourd&#039;hui !\" \/>\n<meta property=\"og:url\" content=\"https:\/\/www.enovates.com\/fr\/integrations\/\" \/>\n<meta property=\"og:site_name\" content=\"Enovates\" \/>\n<meta property=\"article:modified_time\" content=\"2025-01-20T13:00:15+00:00\" \/>\n<meta property=\"og:image\" content=\"https:\/\/www.enovates.com\/wp-content\/uploads\/elementor\/thumbs\/Interparking-29-qq8bdx5spdzpnkahkbnn2jjih9xmbbqxoaurwpzv2o.jpeg\" \/>\n<meta name=\"twitter:card\" content=\"summary_large_image\" \/>\n<meta name=\"twitter:label1\" content=\"Dur\u00e9e de lecture estim\u00e9e\" \/>\n\t<meta name=\"twitter:data1\" content=\"3 minutes\" \/>\n<script type=\"application\/ld+json\" class=\"yoast-schema-graph\">{\"@context\":\"https:\\\/\\\/schema.org\",\"@graph\":[{\"@type\":\"WebPage\",\"@id\":\"https:\\\/\\\/www.enovates.com\\\/fr\\\/integrations\\\/\",\"url\":\"https:\\\/\\\/www.enovates.com\\\/fr\\\/integrations\\\/\",\"name\":\"Int\u00e9grations de recharge Enovates : simplifiez la recharge de vos v\u00e9hicules \u00e9lectriques\",\"isPartOf\":{\"@id\":\"https:\\\/\\\/www.enovates.com\\\/fr\\\/#website\"},\"primaryImageOfPage\":{\"@id\":\"https:\\\/\\\/www.enovates.com\\\/fr\\\/integrations\\\/#primaryimage\"},\"image\":{\"@id\":\"https:\\\/\\\/www.enovates.com\\\/fr\\\/integrations\\\/#primaryimage\"},\"thumbnailUrl\":\"https:\\\/\\\/www.enovates.com\\\/wp-content\\\/uploads\\\/elementor\\\/thumbs\\\/Interparking-29-qq8bdx5spdzpnkahkbnn2jjih9xmbbqxoaurwpzv2o.jpeg\",\"datePublished\":\"2024-06-25T11:53:01+00:00\",\"dateModified\":\"2025-01-20T13:00:15+00:00\",\"description\":\"Connectez facilement les solutions de recharge Enovates aux meilleures plateformes. Simplifiez la recharge des v\u00e9hicules \u00e9lectriques, \u00e9conomisez de l\u2019\u00e9nergie et profitez d\u2019une exp\u00e9rience de recharge plus intelligente. D\u00e9couvrez nos int\u00e9grations faciles \u00e0 utiliser d\u00e8s aujourd'hui !\",\"breadcrumb\":{\"@id\":\"https:\\\/\\\/www.enovates.com\\\/fr\\\/integrations\\\/#breadcrumb\"},\"inLanguage\":\"fr-FR\",\"potentialAction\":[{\"@type\":\"ReadAction\",\"target\":[\"https:\\\/\\\/www.enovates.com\\\/fr\\\/integrations\\\/\"]}]},{\"@type\":\"ImageObject\",\"inLanguage\":\"fr-FR\",\"@id\":\"https:\\\/\\\/www.enovates.com\\\/fr\\\/integrations\\\/#primaryimage\",\"url\":\"https:\\\/\\\/www.enovates.com\\\/wp-content\\\/uploads\\\/elementor\\\/thumbs\\\/Interparking-29-qq8bdx5spdzpnkahkbnn2jjih9xmbbqxoaurwpzv2o.jpeg\",\"contentUrl\":\"https:\\\/\\\/www.enovates.com\\\/wp-content\\\/uploads\\\/elementor\\\/thumbs\\\/Interparking-29-qq8bdx5spdzpnkahkbnn2jjih9xmbbqxoaurwpzv2o.jpeg\"},{\"@type\":\"BreadcrumbList\",\"@id\":\"https:\\\/\\\/www.enovates.com\\\/fr\\\/integrations\\\/#breadcrumb\",\"itemListElement\":[{\"@type\":\"ListItem\",\"position\":1,\"name\":\"Home\",\"item\":\"https:\\\/\\\/www.enovates.com\\\/fr\\\/home\\\/\"},{\"@type\":\"ListItem\",\"position\":2,\"name\":\"Int\u00e9grations\"}]},{\"@type\":\"WebSite\",\"@id\":\"https:\\\/\\\/www.enovates.com\\\/fr\\\/#website\",\"url\":\"https:\\\/\\\/www.enovates.com\\\/fr\\\/\",\"name\":\"Enovates\",\"description\":\"The Future of Charging, Available Today\",\"publisher\":{\"@id\":\"https:\\\/\\\/www.enovates.com\\\/fr\\\/#organization\"},\"potentialAction\":[{\"@type\":\"SearchAction\",\"target\":{\"@type\":\"EntryPoint\",\"urlTemplate\":\"https:\\\/\\\/www.enovates.com\\\/fr\\\/?s={search_term_string}\"},\"query-input\":{\"@type\":\"PropertyValueSpecification\",\"valueRequired\":true,\"valueName\":\"search_term_string\"}}],\"inLanguage\":\"fr-FR\"},{\"@type\":\"Organization\",\"@id\":\"https:\\\/\\\/www.enovates.com\\\/fr\\\/#organization\",\"name\":\"Enovates\",\"url\":\"https:\\\/\\\/www.enovates.com\\\/fr\\\/\",\"logo\":{\"@type\":\"ImageObject\",\"inLanguage\":\"fr-FR\",\"@id\":\"https:\\\/\\\/www.enovates.com\\\/fr\\\/#\\\/schema\\\/logo\\\/image\\\/\",\"url\":\"https:\\\/\\\/www.enovates.com\\\/wp-content\\\/uploads\\\/2022\\\/05\\\/Weblogo_Enovates-01.png\",\"contentUrl\":\"https:\\\/\\\/www.enovates.com\\\/wp-content\\\/uploads\\\/2022\\\/05\\\/Weblogo_Enovates-01.png\",\"width\":1042,\"height\":342,\"caption\":\"Enovates\"},\"image\":{\"@id\":\"https:\\\/\\\/www.enovates.com\\\/fr\\\/#\\\/schema\\\/logo\\\/image\\\/\"}}]}<\/script>\n<!-- \/ Yoast SEO plugin. -->","yoast_head_json":{"title":"Int\u00e9grations de recharge Enovates : simplifiez la recharge de vos v\u00e9hicules \u00e9lectriques","description":"Connectez facilement les solutions de recharge Enovates aux meilleures plateformes. Simplifiez la recharge des v\u00e9hicules \u00e9lectriques, \u00e9conomisez de l\u2019\u00e9nergie et profitez d\u2019une exp\u00e9rience de recharge plus intelligente. D\u00e9couvrez nos int\u00e9grations faciles \u00e0 utiliser d\u00e8s aujourd'hui !","robots":{"index":"index","follow":"follow","max-snippet":"max-snippet:-1","max-image-preview":"max-image-preview:large","max-video-preview":"max-video-preview:-1"},"canonical":"https:\/\/www.enovates.com\/fr\/integrations\/","og_locale":"fr_FR","og_type":"article","og_title":"Int\u00e9grations de recharge Enovates : simplifiez la recharge de vos v\u00e9hicules \u00e9lectriques","og_description":"Connectez facilement les solutions de recharge Enovates aux meilleures plateformes. Simplifiez la recharge des v\u00e9hicules \u00e9lectriques, \u00e9conomisez de l\u2019\u00e9nergie et profitez d\u2019une exp\u00e9rience de recharge plus intelligente. D\u00e9couvrez nos int\u00e9grations faciles \u00e0 utiliser d\u00e8s aujourd'hui !","og_url":"https:\/\/www.enovates.com\/fr\/integrations\/","og_site_name":"Enovates","article_modified_time":"2025-01-20T13:00:15+00:00","og_image":[{"url":"https:\/\/www.enovates.com\/wp-content\/uploads\/elementor\/thumbs\/Interparking-29-qq8bdx5spdzpnkahkbnn2jjih9xmbbqxoaurwpzv2o.jpeg","type":"","width":"","height":""}],"twitter_card":"summary_large_image","twitter_misc":{"Dur\u00e9e de lecture estim\u00e9e":"3 minutes"},"schema":{"@context":"https:\/\/schema.org","@graph":[{"@type":"WebPage","@id":"https:\/\/www.enovates.com\/fr\/integrations\/","url":"https:\/\/www.enovates.com\/fr\/integrations\/","name":"Int\u00e9grations de recharge Enovates : simplifiez la recharge de vos v\u00e9hicules \u00e9lectriques","isPartOf":{"@id":"https:\/\/www.enovates.com\/fr\/#website"},"primaryImageOfPage":{"@id":"https:\/\/www.enovates.com\/fr\/integrations\/#primaryimage"},"image":{"@id":"https:\/\/www.enovates.com\/fr\/integrations\/#primaryimage"},"thumbnailUrl":"https:\/\/www.enovates.com\/wp-content\/uploads\/elementor\/thumbs\/Interparking-29-qq8bdx5spdzpnkahkbnn2jjih9xmbbqxoaurwpzv2o.jpeg","datePublished":"2024-06-25T11:53:01+00:00","dateModified":"2025-01-20T13:00:15+00:00","description":"Connectez facilement les solutions de recharge Enovates aux meilleures plateformes. Simplifiez la recharge des v\u00e9hicules \u00e9lectriques, \u00e9conomisez de l\u2019\u00e9nergie et profitez d\u2019une exp\u00e9rience de recharge plus intelligente. D\u00e9couvrez nos int\u00e9grations faciles \u00e0 utiliser d\u00e8s aujourd'hui !","breadcrumb":{"@id":"https:\/\/www.enovates.com\/fr\/integrations\/#breadcrumb"},"inLanguage":"fr-FR","potentialAction":[{"@type":"ReadAction","target":["https:\/\/www.enovates.com\/fr\/integrations\/"]}]},{"@type":"ImageObject","inLanguage":"fr-FR","@id":"https:\/\/www.enovates.com\/fr\/integrations\/#primaryimage","url":"https:\/\/www.enovates.com\/wp-content\/uploads\/elementor\/thumbs\/Interparking-29-qq8bdx5spdzpnkahkbnn2jjih9xmbbqxoaurwpzv2o.jpeg","contentUrl":"https:\/\/www.enovates.com\/wp-content\/uploads\/elementor\/thumbs\/Interparking-29-qq8bdx5spdzpnkahkbnn2jjih9xmbbqxoaurwpzv2o.jpeg"},{"@type":"BreadcrumbList","@id":"https:\/\/www.enovates.com\/fr\/integrations\/#breadcrumb","itemListElement":[{"@type":"ListItem","position":1,"name":"Home","item":"https:\/\/www.enovates.com\/fr\/home\/"},{"@type":"ListItem","position":2,"name":"Int\u00e9grations"}]},{"@type":"WebSite","@id":"https:\/\/www.enovates.com\/fr\/#website","url":"https:\/\/www.enovates.com\/fr\/","name":"Enovates","description":"The Future of Charging, Available Today","publisher":{"@id":"https:\/\/www.enovates.com\/fr\/#organization"},"potentialAction":[{"@type":"SearchAction","target":{"@type":"EntryPoint","urlTemplate":"https:\/\/www.enovates.com\/fr\/?s={search_term_string}"},"query-input":{"@type":"PropertyValueSpecification","valueRequired":true,"valueName":"search_term_string"}}],"inLanguage":"fr-FR"},{"@type":"Organization","@id":"https:\/\/www.enovates.com\/fr\/#organization","name":"Enovates","url":"https:\/\/www.enovates.com\/fr\/","logo":{"@type":"ImageObject","inLanguage":"fr-FR","@id":"https:\/\/www.enovates.com\/fr\/#\/schema\/logo\/image\/","url":"https:\/\/www.enovates.com\/wp-content\/uploads\/2022\/05\/Weblogo_Enovates-01.png","contentUrl":"https:\/\/www.enovates.com\/wp-content\/uploads\/2022\/05\/Weblogo_Enovates-01.png","width":1042,"height":342,"caption":"Enovates"},"image":{"@id":"https:\/\/www.enovates.com\/fr\/#\/schema\/logo\/image\/"}}]}},"_links":{"self":[{"href":"https:\/\/www.enovates.com\/fr\/wp-json\/wp\/v2\/pages\/14009","targetHints":{"allow":["GET"]}}],"collection":[{"href":"https:\/\/www.enovates.com\/fr\/wp-json\/wp\/v2\/pages"}],"about":[{"href":"https:\/\/www.enovates.com\/fr\/wp-json\/wp\/v2\/types\/page"}],"author":[{"embeddable":true,"href":"https:\/\/www.enovates.com\/fr\/wp-json\/wp\/v2\/users\/7"}],"replies":[{"embeddable":true,"href":"https:\/\/www.enovates.com\/fr\/wp-json\/wp\/v2\/comments?post=14009"}],"version-history":[{"count":5,"href":"https:\/\/www.enovates.com\/fr\/wp-json\/wp\/v2\/pages\/14009\/revisions"}],"predecessor-version":[{"id":17139,"href":"https:\/\/www.enovates.com\/fr\/wp-json\/wp\/v2\/pages\/14009\/revisions\/17139"}],"wp:attachment":[{"href":"https:\/\/www.enovates.com\/fr\/wp-json\/wp\/v2\/media?parent=14009"}],"curies":[{"name":"wp","href":"https:\/\/api.w.org\/{rel}","templated":true}]}}